{"id":1799,"date":"2020-07-04T10:02:51","date_gmt":"2020-07-04T10:02:51","guid":{"rendered":"https:\/\/www.gift2give.be\/?page_id=1799"},"modified":"2021-08-01T10:43:36","modified_gmt":"2021-08-01T10:43:36","slug":"bon-appreciation","status":"publish","type":"page","link":"https:\/\/www.gift2give.be\/fr\/bon-appreciation\/","title":{"rendered":"Bon d&#8217;appr\u00e9ciation"},"content":{"rendered":"<p><div class=\"fusion-fullwidth fullwidth-box fusion-builder-row-1 hundred-percent-fullwidth non-hundred-percent-height-scrolling\" style=\"background-color: rgba(255,255,255,0);background-position: center center;background-repeat: no-repeat;padding-top:0px;padding-right:0px;padding-bottom:0px;padding-left:0px;margin-bottom: 0px;margin-top: 0px;border-width: 0px 0px 0px 0px;border-color:#eae9e9;border-style:solid;\" ><div class=\"fusion-builder-row fusion-row\"><div class=\"fusion-layout-column fusion_builder_column fusion-builder-column-0 fusion_builder_column_1_1 1_1 fusion-one-full fusion-column-first fusion-column-last fusion-column-no-min-height\" style=\"margin-top:0px;margin-bottom:0px;\"><div class=\"fusion-column-wrapper fusion-flex-column-wrapper-legacy\" style=\"background-position:left top;background-repeat:no-repeat;-webkit-background-size:cover;-moz-background-size:cover;-o-background-size:cover;background-size:cover;padding: 0px 0px 0px 0px;\"><div class=\"fusion-menu-anchor\" id=\"overview\"><\/div><div class=\"fusion-clearfix\"><\/div><\/div><\/div><\/div><style type=\"text\/css\">.fusion-fullwidth.fusion-builder-row-1 { overflow:visible; }<\/style><\/div><div class=\"fusion-fullwidth fullwidth-box fusion-builder-row-2 nonhundred-percent-fullwidth non-hundred-percent-height-scrolling\" style=\"background-color: rgba(255,255,255,0);background-position: left top;background-repeat: no-repeat;padding-top:2%;padding-right:0px;padding-bottom:40px;padding-left:0px;margin-bottom: 0px;margin-top: 0px;border-width: 0px 0px 0px 0px;border-color:#eae9e9;border-style:solid;\" ><div class=\"fusion-builder-row fusion-row\"><div class=\"fusion-layout-column fusion_builder_column fusion-builder-column-1 fusion_builder_column_1_2 1_2 fusion-one-half fusion-column-first\" style=\"width:48%; margin-right: 4%;margin-top:14px;margin-bottom:15px;\"><div class=\"fusion-column-wrapper fusion-flex-column-wrapper-legacy\" style=\"background-position:left top;background-repeat:no-repeat;-webkit-background-size:cover;-moz-background-size:cover;-o-background-size:cover;background-size:cover;padding: 20px 20px 20px 20px;\"><div class=\"fusion-text fusion-text-1\"><h2>Le Bon d&#8217;Appr\u00e9ciation<\/h2>\n<div id=\"ConnectiveDocSignExtentionInstalled\" data-extension-version=\"1.0.4\"><\/div>\n<\/div><div class=\"fusion-text fusion-text-2\"><p>Corona a impact\u00e9 de nombreux ind\u00e9pendants, des fermetures forc\u00e9es et plus aucun contact avec les clients. Avec une grosse gueule de bois financi\u00e8re en cons\u00e9quence. Mais vous pouvez montrer votre appr\u00e9ciation pour votre commer\u00e7ant local en achetant un ch\u00e8que-cadeau pour votre magasin pr\u00e9f\u00e9r\u00e9, restaurant, sauna,\u2026 et montrer combien vous avez manqu\u00e9 le contact social avec votre commune ! De cette fa\u00e7on, nous aidons \u00e0 faire la start-up ensemble pour ramener l&#8217;\u00e9conomie locale \u00e0 ce qu&#8217;elle \u00e9tait. Ensuite, vous pouvez \u00e9changer le bon et profiter d&#8217;un bon tour de magasin, d&#8217;une bonne visite au sauna ou d&#8217;un bon repas<\/p>\n<div id=\"ConnectiveDocSignExtentionInstalled\" data-extension-version=\"1.0.4\">\u00a0<\/div>\n<\/div><div class=\"fusion-clearfix\"><\/div><\/div><\/div><div class=\"fusion-layout-column fusion_builder_column fusion-builder-column-2 fusion_builder_column_1_2 1_2 fusion-one-half fusion-column-last\" style=\"width:48%;margin-top:14px;margin-bottom:15px;\"><div class=\"fusion-column-wrapper fusion-flex-column-wrapper-legacy\" style=\"background-position:left top;background-repeat:no-repeat;-webkit-background-size:cover;-moz-background-size:cover;-o-background-size:cover;background-size:cover;padding: 10px 10px 10px 10px;\"><div class=\"imageframe-align-center\"><span class=\" fusion-imageframe imageframe-none imageframe-1 hover-type-none shopping-img fusion-animated\" id=\"shopping-img\" data-animationType=\"fadeInUp\" data-animationDuration=\"0.7\" data-animationOffset=\"top-mid-of-view\"><img width=\"1000\" height=\"667\" title=\"appreciatiebon-picture\" src=\"https:\/\/www.gift2give.be\/wp-content\/uploads\/2020\/07\/appreciatiebon-picture.jpg\" alt class=\"img-responsive wp-image-1807\" srcset=\"https:\/\/www.gift2give.be\/fr\/wp-content\/uploads\/2020\/07\/appreciatiebon-picture-200x133.jpg 200w, https:\/\/www.gift2give.be\/fr\/wp-content\/uploads\/2020\/07\/appreciatiebon-picture-400x267.jpg 400w, https:\/\/www.gift2give.be\/fr\/wp-content\/uploads\/2020\/07\/appreciatiebon-picture-600x400.jpg 600w, https:\/\/www.gift2give.be\/fr\/wp-content\/uploads\/2020\/07\/appreciatiebon-picture-800x534.jpg 800w, https:\/\/www.gift2give.be\/fr\/wp-content\/uploads\/2020\/07\/appreciatiebon-picture.jpg 1000w\" sizes=\"(max-width: 800px) 100vw, 1000px\" \/><\/span><\/div><div class=\"fusion-clearfix\"><\/div><\/div><\/div><\/div><\/div><div class=\"fusion-fullwidth fullwidth-box fusion-builder-row-3 fusion-parallax-none nonhundred-percent-fullwidth non-hundred-percent-height-scrolling\" style=\"background-color: #f1f4f7;background-image: url(&quot;https:\/\/www.gift2give.be\/wp-content\/uploads\/2015\/10\/smartphone_section_bg.jpg&quot;);background-position: center center;background-repeat: no-repeat;padding-top:6%;padding-right:0px;padding-bottom:70px;padding-left:0px;margin-bottom: 0px;margin-top: 0px;border-width: 0px 0px 0px 0px;border-color:#eae9e9;border-style:solid;-webkit-background-size:cover;-moz-background-size:cover;-o-background-size:cover;background-size:cover;\" ><div class=\"fusion-builder-row fusion-row\"><div class=\"fusion-layout-column fusion_builder_column fusion-builder-column-3 fusion_builder_column_1_1 1_1 fusion-one-full fusion-column-first fusion-column-last fusion-animated\" style=\"margin-top:30px;margin-bottom:15px;\" data-animationType=\"fadeInUp\" data-animationDuration=\"0.7\" data-animationOffset=\"top-into-view\"><div class=\"fusion-column-wrapper fusion-flex-column-wrapper-legacy\" style=\"background-position:left top;background-repeat:no-repeat;-webkit-background-size:cover;-moz-background-size:cover;-o-background-size:cover;background-size:cover;padding: 10px 10px 10px 10px;\"><div class=\"fusion-text fusion-text-3\"><h2>D\u00e9couvrez quels commer\u00e7ants vous pouvez soutenir avec le bon d&#8217;appr\u00e9ciation<\/h2>\n<div id=\"ConnectiveDocSignExtentionInstalled\" data-extension-version=\"1.0.4\">\u00a0<\/div>\n<\/div><div class=\"fusion-text fusion-text-4\"><p><iframe style=\"height: 530px; width: 100%;\" src=\"https:\/\/business.gift2give.be\/#\/shops\/AP?search=0\"><\/iframe><\/p>\n<\/div><div class=\"fusion-clearfix\"><\/div><\/div><\/div><\/div><\/div><div class=\"fusion-fullwidth fullwidth-box fusion-builder-row-4 nonhundred-percent-fullwidth non-hundred-percent-height-scrolling\" style=\"background-color: #f1f4f7;background-position: center center;background-repeat: no-repeat;padding-top:6%;padding-right:0px;padding-bottom:70px;padding-left:0px;margin-bottom: 0px;margin-top: 0px;border-width: 0px 0px 0px 0px;border-color:#eae9e9;border-style:solid;\" ><div class=\"fusion-builder-row fusion-row\"><div class=\"fusion-layout-column fusion_builder_column fusion-builder-column-4 fusion_builder_column_1_5 1_5 fusion-one-fifth fusion-column-first\" style=\"width:20%;width:calc(20% - ( ( 4% ) * 0.2 ) );margin-right: 4%;margin-top:15px;margin-bottom:15px;\"><div class=\"fusion-column-wrapper fusion-flex-column-wrapper-legacy\" style=\"background-position:left top;background-repeat:no-repeat;-webkit-background-size:cover;-moz-background-size:cover;-o-background-size:cover;background-size:cover;padding: 0px 0px 0px 0px;\"><div class=\"fusion-clearfix\"><\/div><\/div><\/div><div class=\"fusion-layout-column fusion_builder_column fusion-builder-column-5 fusion_builder_column_3_5 3_5 fusion-three-fifth fusion-animated\" style=\"width:60%;width:calc(60% - ( ( 4% ) * 0.6 ) );margin-right: 0px;margin-top:30px;margin-bottom:15px;\" data-animationType=\"fadeInUp\" data-animationDuration=\"0.7\" data-animationOffset=\"top-into-view\"><div class=\"fusion-column-wrapper fusion-flex-column-wrapper-legacy\" style=\"background-position:left top;background-repeat:no-repeat;-webkit-background-size:cover;-moz-background-size:cover;-o-background-size:cover;background-size:cover;padding: 10px 10px 10px 10px;\"><div class=\"fusion-text fusion-text-5\"><h2 style=\"text-align: center;\">Pr\u00eat \u00e0 donner un coup de fouet \u00e0 l&#8217;\u00e9conomie locale?<\/h2>\n<div id=\"ConnectiveDocSignExtentionInstalled\" data-extension-version=\"1.0.4\">\u00a0<\/div>\n<\/div><div class=\"fusion-text fusion-text-6\"><p style=\"text-align: center;\">Alors achetez un bon d&#8217;appr\u00e9ciation aujourd&#8217;hui<\/p>\n<div id=\"ConnectiveDocSignExtentionInstalled\" data-extension-version=\"1.0.4\">\u00a0<\/div>\n<\/div><div class=\"fusion-aligncenter\"><style>.fusion-body .fusion-button.button-1{border-radius:2px 2px 2px 2px;}.fusion-body .fusion-button.button-1 .fusion-button-text{text-transform:uppercase;}<\/style><a class=\"fusion-button button-flat fusion-button-default-size button-default button-1 fusion-button-default-span fusion-button-default-type\" target=\"_self\" href=\"https:\/\/shop.gift2give.be\/#\/products\/AP\"><span class=\"fusion-button-text\">Acheter un Bon d&#8217;appreciation<\/span><\/a><\/div><div class=\"fusion-clearfix\"><\/div><\/div><\/div><div class=\"fusion-layout-column fusion_builder_column fusion-builder-column-6 fusion_builder_column_1_5 1_5 fusion-one-fifth fusion-column-last\" style=\"width:20%;width:calc(20% - ( ( 4% ) * 0.2 ) );margin-top:15px;margin-bottom:15px;\"><div class=\"fusion-column-wrapper fusion-flex-column-wrapper-legacy\" style=\"background-position:left top;background-repeat:no-repeat;-webkit-background-size:cover;-moz-background-size:cover;-o-background-size:cover;background-size:cover;padding: 0px 0px 0px 0px;\"><div class=\"fusion-clearfix\"><\/div><\/div><\/div><\/div><\/div><\/p>\n","protected":false},"excerpt":{"rendered":"","protected":false},"author":1,"featured_media":0,"parent":0,"menu_order":0,"comment_status":"closed","ping_status":"closed","template":"100-width.php","meta":{"_mi_skip_tracking":false},"yoast_head":"<!-- This site is optimized with the Yoast SEO plugin v19.4 - https:\/\/yoast.com\/wordpress\/plugins\/seo\/ -->\n<title>Gift2Give - Steun lokale handelaars met onze Appreciatie bon<\/title>\n<meta name=\"description\" content=\"Gift2Give is d\u00e9 Belgische aanbieder van geschenkbonnen en waardebonnen voor steden en gemeenten. De appreciatie bon is de perfecte oplossing om te steunen!\" \/>\n<meta name=\"robots\" content=\"index, follow, max-snippet:-1, max-image-preview:large, max-video-preview:-1\" \/>\n<link rel=\"canonical\" href=\"https:\/\/www.gift2give.be\/fr\/bon-appreciation\/\" \/>\n<meta property=\"og:locale\" content=\"en_US\" \/>\n<meta property=\"og:type\" content=\"article\" \/>\n<meta property=\"og:title\" content=\"Bedank jouw inwoners met de Gift2Give waardebon\" \/>\n<meta property=\"og:description\" content=\"In crisis tijden zoals bijvoorbeeld de corona crisis, is het goed om de inwoners van je stad een hart onder de riem te steken. Dit is mogelijk door hen een waardebon te geven als appreciatie.\" \/>\n<meta property=\"og:url\" content=\"https:\/\/www.gift2give.be\/fr\/bon-appreciation\/\" \/>\n<meta property=\"og:site_name\" content=\"Gift2Give\" \/>\n<meta property=\"article:modified_time\" content=\"2021-08-01T10:43:36+00:00\" \/>\n<meta property=\"og:image\" content=\"https:\/\/www.gift2give.be\/fr\/wp-content\/uploads\/2020\/05\/waardebon.jpg\" \/>\n\t<meta property=\"og:image:width\" content=\"1920\" \/>\n\t<meta property=\"og:image:height\" content=\"1280\" \/>\n\t<meta property=\"og:image:type\" content=\"image\/jpeg\" \/>\n<meta name=\"twitter:card\" content=\"summary_large_image\" \/>\n<meta name=\"twitter:label1\" content=\"Est. reading time\" \/>\n\t<meta name=\"twitter:data1\" content=\"7 minutes\" \/>\n<script type=\"application\/ld+json\" class=\"yoast-schema-graph\">{\"@context\":\"https:\/\/schema.org\",\"@graph\":[{\"@type\":\"WebSite\",\"@id\":\"https:\/\/www.gift2give.be\/fr\/#website\",\"url\":\"https:\/\/www.gift2give.be\/fr\/\",\"name\":\"Gift2Give\",\"description\":\"Dynamise L&#039;\u00e9conomie Locale\",\"potentialAction\":[{\"@type\":\"SearchAction\",\"target\":{\"@type\":\"EntryPoint\",\"urlTemplate\":\"https:\/\/www.gift2give.be\/fr\/?s={search_term_string}\"},\"query-input\":\"required name=search_term_string\"}],\"inLanguage\":\"en-US\"},{\"@type\":\"WebPage\",\"@id\":\"https:\/\/www.gift2give.be\/fr\/bon-appreciation\/\",\"url\":\"https:\/\/www.gift2give.be\/fr\/bon-appreciation\/\",\"name\":\"Gift2Give - Steun lokale handelaars met onze Appreciatie bon\",\"isPartOf\":{\"@id\":\"https:\/\/www.gift2give.be\/fr\/#website\"},\"datePublished\":\"2020-07-04T10:02:51+00:00\",\"dateModified\":\"2021-08-01T10:43:36+00:00\",\"description\":\"Gift2Give is d\u00e9 Belgische aanbieder van geschenkbonnen en waardebonnen voor steden en gemeenten. De appreciatie bon is de perfecte oplossing om te steunen!\",\"breadcrumb\":{\"@id\":\"https:\/\/www.gift2give.be\/fr\/bon-appreciation\/#breadcrumb\"},\"inLanguage\":\"en-US\",\"potentialAction\":[{\"@type\":\"ReadAction\",\"target\":[\"https:\/\/www.gift2give.be\/fr\/bon-appreciation\/\"]}]},{\"@type\":\"BreadcrumbList\",\"@id\":\"https:\/\/www.gift2give.be\/fr\/bon-appreciation\/#breadcrumb\",\"itemListElement\":[{\"@type\":\"ListItem\",\"position\":1,\"name\":\"Home\",\"item\":\"https:\/\/www.gift2give.be\/fr\/\"},{\"@type\":\"ListItem\",\"position\":2,\"name\":\"Bon d&#8217;appr\u00e9ciation\"}]}]}<\/script>\n<!-- \/ Yoast SEO plugin. -->","yoast_head_json":{"title":"Gift2Give - Steun lokale handelaars met onze Appreciatie bon","description":"Gift2Give is d\u00e9 Belgische aanbieder van geschenkbonnen en waardebonnen voor steden en gemeenten. De appreciatie bon is de perfecte oplossing om te steunen!","robots":{"index":"index","follow":"follow","max-snippet":"max-snippet:-1","max-image-preview":"max-image-preview:large","max-video-preview":"max-video-preview:-1"},"canonical":"https:\/\/www.gift2give.be\/fr\/bon-appreciation\/","og_locale":"en_US","og_type":"article","og_title":"Bedank jouw inwoners met de Gift2Give waardebon","og_description":"In crisis tijden zoals bijvoorbeeld de corona crisis, is het goed om de inwoners van je stad een hart onder de riem te steken. Dit is mogelijk door hen een waardebon te geven als appreciatie.","og_url":"https:\/\/www.gift2give.be\/fr\/bon-appreciation\/","og_site_name":"Gift2Give","article_modified_time":"2021-08-01T10:43:36+00:00","og_image":[{"width":1920,"height":1280,"url":"https:\/\/www.gift2give.be\/fr\/wp-content\/uploads\/2020\/05\/waardebon.jpg","type":"image\/jpeg"}],"twitter_card":"summary_large_image","twitter_misc":{"Est. reading time":"7 minutes"},"schema":{"@context":"https:\/\/schema.org","@graph":[{"@type":"WebSite","@id":"https:\/\/www.gift2give.be\/fr\/#website","url":"https:\/\/www.gift2give.be\/fr\/","name":"Gift2Give","description":"Dynamise L&#039;\u00e9conomie Locale","potentialAction":[{"@type":"SearchAction","target":{"@type":"EntryPoint","urlTemplate":"https:\/\/www.gift2give.be\/fr\/?s={search_term_string}"},"query-input":"required name=search_term_string"}],"inLanguage":"en-US"},{"@type":"WebPage","@id":"https:\/\/www.gift2give.be\/fr\/bon-appreciation\/","url":"https:\/\/www.gift2give.be\/fr\/bon-appreciation\/","name":"Gift2Give - Steun lokale handelaars met onze Appreciatie bon","isPartOf":{"@id":"https:\/\/www.gift2give.be\/fr\/#website"},"datePublished":"2020-07-04T10:02:51+00:00","dateModified":"2021-08-01T10:43:36+00:00","description":"Gift2Give is d\u00e9 Belgische aanbieder van geschenkbonnen en waardebonnen voor steden en gemeenten. De appreciatie bon is de perfecte oplossing om te steunen!","breadcrumb":{"@id":"https:\/\/www.gift2give.be\/fr\/bon-appreciation\/#breadcrumb"},"inLanguage":"en-US","potentialAction":[{"@type":"ReadAction","target":["https:\/\/www.gift2give.be\/fr\/bon-appreciation\/"]}]},{"@type":"BreadcrumbList","@id":"https:\/\/www.gift2give.be\/fr\/bon-appreciation\/#breadcrumb","itemListElement":[{"@type":"ListItem","position":1,"name":"Home","item":"https:\/\/www.gift2give.be\/fr\/"},{"@type":"ListItem","position":2,"name":"Bon d&#8217;appr\u00e9ciation"}]}]}},"_links":{"self":[{"href":"https:\/\/www.gift2give.be\/fr\/wp-json\/wp\/v2\/pages\/1799"}],"collection":[{"href":"https:\/\/www.gift2give.be\/fr\/wp-json\/wp\/v2\/pages"}],"about":[{"href":"https:\/\/www.gift2give.be\/fr\/wp-json\/wp\/v2\/types\/page"}],"author":[{"embeddable":true,"href":"https:\/\/www.gift2give.be\/fr\/wp-json\/wp\/v2\/users\/1"}],"replies":[{"embeddable":true,"href":"https:\/\/www.gift2give.be\/fr\/wp-json\/wp\/v2\/comments?post=1799"}],"version-history":[{"count":16,"href":"https:\/\/www.gift2give.be\/fr\/wp-json\/wp\/v2\/pages\/1799\/revisions"}],"predecessor-version":[{"id":2141,"href":"https:\/\/www.gift2give.be\/fr\/wp-json\/wp\/v2\/pages\/1799\/revisions\/2141"}],"wp:attachment":[{"href":"https:\/\/www.gift2give.be\/fr\/wp-json\/wp\/v2\/media?parent=1799"}],"curies":[{"name":"wp","href":"https:\/\/api.w.org\/{rel}","templated":true}]}}