{"id":1133,"date":"2019-05-03T07:17:09","date_gmt":"2019-05-03T07:17:09","guid":{"rendered":"https:\/\/g3g.stams-it.com\/?page_id=1133"},"modified":"2021-08-30T13:17:41","modified_gmt":"2021-08-30T13:17:41","slug":"bon-de-mobilite","status":"publish","type":"page","link":"https:\/\/www.gift2give.be\/fr\/bon-de-mobilite\/","title":{"rendered":"Bon de Mobilit\u00e9"},"content":{"rendered":"<p><div class=\"fusion-fullwidth fullwidth-box fusion-builder-row-1 fusion-flex-container hundred-percent-fullwidth non-hundred-percent-height-scrolling\" style=\"background-color: rgba(255,255,255,0);background-position: center center;background-repeat: no-repeat;border-width: 0px 0px 0px 0px;border-color:#eae9e9;border-style:solid;\" ><div class=\"fusion-builder-row fusion-row fusion-flex-align-items-flex-start\" style=\"width:104% !important;max-width:104% !important;margin-left: calc(-4% \/ 2 );margin-right: calc(-4% \/ 2 );\"><div class=\"fusion-layout-column fusion_builder_column fusion-builder-column-0 fusion_builder_column_1_1 1_1 fusion-flex-column fusion-flex-align-self-flex-start fusion-column-no-min-height\"><div class=\"fusion-column-wrapper fusion-flex-justify-content-flex-start fusion-content-layout-column\" style=\"background-position:left top;background-repeat:no-repeat;-webkit-background-size:cover;-moz-background-size:cover;-o-background-size:cover;background-size:cover;padding: 0px 0px 0px 0px;\"><div class=\"fusion-menu-anchor\" id=\"overview\"><\/div><\/div><style type=\"text\/css\">.fusion-body .fusion-builder-column-0{width:100% !important;margin-top : 0px;margin-bottom : 0px;}.fusion-builder-column-0 > .fusion-column-wrapper {padding-top : 0px !important;padding-right : 0px !important;margin-right : 1.92%;padding-bottom : 0px !important;padding-left : 0px !important;margin-left : 1.92%;}@media only screen and (max-width:1024px) {.fusion-body .fusion-builder-column-0{width:100% !important;}.fusion-builder-column-0 > .fusion-column-wrapper {margin-right : 1.92%;margin-left : 1.92%;}}@media only screen and (max-width:640px) {.fusion-body .fusion-builder-column-0{width:100% !important;}.fusion-builder-column-0 > .fusion-column-wrapper {margin-right : 1.92%;margin-left : 1.92%;}}<\/style><\/div><\/div><style type=\"text\/css\">.fusion-fullwidth.fusion-builder-row-1 { overflow:visible; }.fusion-body .fusion-flex-container.fusion-builder-row-1{ padding-top : 0px;margin-top : 0px;padding-right : 0px;padding-bottom : 0px;margin-bottom : 0px;padding-left : 0px;}<\/style><\/div><div class=\"fusion-fullwidth fullwidth-box fusion-builder-row-2 fusion-flex-container nonhundred-percent-fullwidth non-hundred-percent-height-scrolling\" style=\"background-color: rgba(255,255,255,0);background-position: left top;background-repeat: no-repeat;border-width: 0px 0px 0px 0px;border-color:#eae9e9;border-style:solid;\" ><div class=\"fusion-builder-row fusion-row fusion-flex-align-items-flex-start\" style=\"max-width:1216.8px;margin-left: calc(-4% \/ 2 );margin-right: calc(-4% \/ 2 );\"><div class=\"fusion-layout-column fusion_builder_column fusion-builder-column-1 fusion_builder_column_1_2 1_2 fusion-flex-column\"><div class=\"fusion-column-wrapper fusion-flex-justify-content-flex-start fusion-content-layout-column\" style=\"background-position:left top;background-repeat:no-repeat;-webkit-background-size:cover;-moz-background-size:cover;-o-background-size:cover;background-size:cover;padding: 20px 20px 20px 20px;\"><div class=\"fusion-text fusion-text-1\"><h1 class=\"p1\"><span class=\"s1\">KATSJING!<\/span><\/h1>\n<\/div><div class=\"fusion-text fusion-text-2\"><h4><span style=\"color: #89919f;\">C&#8217;est comme \u00e7a qu&#8217;on se gare gratuitement!<\/span><\/h4>\n<div id=\"ConnectiveDocSignExtentionInstalled\" data-extension-version=\"1.0.4\">\u00a0<\/div>\n<\/div><div class=\"fusion-text fusion-text-3\"><h1>Pour les villes<\/h1>\n<p>Saviez-vous qu&#8217;un bon plan de mobilit\u00e9 donne un coup de fouet \u00e0 l&#8217;\u00e9conomie locale de votre ville ou commune ? Votre ville ou commune a-t-elle d\u00e9j\u00e0 franchi le pas vers un syst\u00e8me num\u00e9rique de stationnement\/mobilit\u00e9?<\/p>\n<p>Si c&#8217;est le cas, alors vous, en tant que ville ou commune, n&#8217;\u00eates qu&#8217;\u00e0 1 pas de la valeur ajout\u00e9e id\u00e9ale pour votre r\u00e9seau commercial \/ \u00e9conomie locale ET tourisme ! LES tickets parking!<\/p>\n<p><span class=\"s1\">En collaboration avec les partenaires qui proposent les outils de stationnement mobiles, nous pouvons mettre en \u0153uvre et commercialiser les titres de stationnement de mani\u00e8re tr\u00e8s simple et offrir \u00e0 la ville\/municipalit\u00e9 des exp\u00e9riences d&#8217;achat fantastiques<\/span><span class=\"s1\">.<\/span><\/p>\n<div id=\"ConnectiveDocSignExtentionInstalled\" data-extension-version=\"1.0.4\">\u00a0<\/div>\n<\/div><\/div><style type=\"text\/css\">.fusion-body .fusion-builder-column-1{width:50% !important;margin-top : 14px;margin-bottom : 15px;}.fusion-builder-column-1 > .fusion-column-wrapper {padding-top : 20px !important;padding-right : 20px !important;margin-right : 3.84%;padding-bottom : 20px !important;padding-left : 20px !important;margin-left : 3.84%;}@media only screen and (max-width:1024px) {.fusion-body .fusion-builder-column-1{width:100% !important;}.fusion-builder-column-1 > .fusion-column-wrapper {margin-right : 1.92%;margin-left : 1.92%;}}@media only screen and (max-width:640px) {.fusion-body .fusion-builder-column-1{width:100% !important;}.fusion-builder-column-1 > .fusion-column-wrapper {margin-right : 1.92%;margin-left : 1.92%;}}<\/style><\/div><div class=\"fusion-layout-column fusion_builder_column fusion-builder-column-2 fusion_builder_column_1_2 1_2 fusion-flex-column\"><div class=\"fusion-column-wrapper fusion-flex-justify-content-flex-start fusion-content-layout-column\" style=\"background-position:left top;background-repeat:no-repeat;-webkit-background-size:cover;-moz-background-size:cover;-o-background-size:cover;background-size:cover;padding: 10px 10px 10px 10px;\"><div class=\"fusion-separator fusion-full-width-sep\" style=\"align-self: center;margin-left: auto;margin-right: auto;margin-bottom:100px;width:100%;\"><\/div><div style=\"text-align:center;\"><span class=\" fusion-imageframe imageframe-none imageframe-1 hover-type-none shopping-img fusion-animated\" id=\"shopping-img\" data-animationType=\"fadeInUp\" data-animationDuration=\"0.7\" data-animationOffset=\"top-mid-of-view\"><img width=\"1000\" height=\"556\" title=\"mobility\" src=\"https:\/\/www.gift2give.be\/wp-content\/uploads\/2019\/09\/mobility.jpg\" alt class=\"img-responsive wp-image-1401\" srcset=\"https:\/\/www.gift2give.be\/fr\/wp-content\/uploads\/2019\/09\/mobility-200x111.jpg 200w, https:\/\/www.gift2give.be\/fr\/wp-content\/uploads\/2019\/09\/mobility-400x222.jpg 400w, https:\/\/www.gift2give.be\/fr\/wp-content\/uploads\/2019\/09\/mobility-600x334.jpg 600w, https:\/\/www.gift2give.be\/fr\/wp-content\/uploads\/2019\/09\/mobility-800x445.jpg 800w, https:\/\/www.gift2give.be\/fr\/wp-content\/uploads\/2019\/09\/mobility.jpg 1000w\" sizes=\"(max-width: 1024px) 100vw, (max-width: 640px) 100vw, 600px\" \/><\/span><\/div><\/div><style type=\"text\/css\">.fusion-body .fusion-builder-column-2{width:50% !important;margin-top : 14px;margin-bottom : 15px;}.fusion-builder-column-2 > .fusion-column-wrapper {padding-top : 10px !important;padding-right : 10px !important;margin-right : 3.84%;padding-bottom : 10px !important;padding-left : 10px !important;margin-left : 3.84%;}@media only screen and (max-width:1024px) {.fusion-body .fusion-builder-column-2{width:100% !important;}.fusion-builder-column-2 > .fusion-column-wrapper {margin-right : 1.92%;margin-left : 1.92%;}}@media only screen and (max-width:640px) {.fusion-body .fusion-builder-column-2{width:100% !important;}.fusion-builder-column-2 > .fusion-column-wrapper {margin-right : 1.92%;margin-left : 1.92%;}}<\/style><\/div><\/div><style type=\"text\/css\">.fusion-body .fusion-flex-container.fusion-builder-row-2{ padding-top : 2%;margin-top : 0px;padding-right : 0px;padding-bottom : 40px;margin-bottom : 0px;padding-left : 0px;}<\/style><\/div><div class=\"fusion-bg-parallax\" data-bg-align=\"left top\" data-direction=\"right\" data-mute=\"false\" data-opacity=\"100\" data-velocity=\"-0.6\" data-mobile-enabled=\"false\" data-break_parents=\"0\" data-bg-image=\"https:\/\/www.gift2give.be\/wp-content\/uploads\/2015\/10\/light_gradient_bands_bg.jpg\" data-bg-repeat=\"false\" ><\/div><div class=\"fusion-fullwidth fullwidth-box fusion-builder-row-3 fusion-flex-container fusion-parallax-right nonhundred-percent-fullwidth non-hundred-percent-height-scrolling\" style=\"background-color: rgba(255,255,255,0);background-image: url(&quot;https:\/\/www.gift2give.be\/wp-content\/uploads\/2015\/10\/light_gradient_bands_bg.jpg&quot;);background-position: left top;background-repeat: no-repeat;border-width: 0px 0px 0px 0px;border-color:#eae9e9;border-style:solid;-webkit-background-size:cover;-moz-background-size:cover;-o-background-size:cover;background-size:cover;\" ><div class=\"fusion-builder-row fusion-row fusion-flex-align-items-stretch\" style=\"max-width:calc( 1170px + 0px );margin-left: calc(-0px \/ 2 );margin-right: calc(-0px \/ 2 );\"><div class=\"fusion-layout-column fusion_builder_column fusion-builder-column-3 fusion_builder_column_1_2 1_2 fusion-flex-column\"><div class=\"fusion-column-wrapper fusion-flex-justify-content-flex-start fusion-content-layout-column\" style=\"background-position:left top;background-repeat:no-repeat;-webkit-background-size:cover;-moz-background-size:cover;-o-background-size:cover;background-size:cover;padding: 0px 0px 0px 0px;\"><div class=\"fusion-separator fusion-full-width-sep\" style=\"align-self: center;margin-left: auto;margin-right: auto;margin-top:35px;width:100%;\"><\/div><div style=\"text-align:center;\"><span class=\" fusion-imageframe imageframe-none imageframe-2 hover-type-none\" style=\"max-width:100px;\"><img width=\"277\" height=\"500\" title=\"4411-app-Parkeervoucher-2020\" src=\"https:\/\/www.gift2give.be\/wp-content\/uploads\/2020\/06\/4411-app-Parkeervoucher-2020.png\" alt class=\"img-responsive wp-image-1797\" srcset=\"https:\/\/www.gift2give.be\/fr\/wp-content\/uploads\/2020\/06\/4411-app-Parkeervoucher-2020-200x361.png 200w, https:\/\/www.gift2give.be\/fr\/wp-content\/uploads\/2020\/06\/4411-app-Parkeervoucher-2020.png 277w\" sizes=\"(max-width: 1024px) 100vw, (max-width: 640px) 100vw, 277px\" \/><\/span><\/div><\/div><style type=\"text\/css\">.fusion-body .fusion-builder-column-3{width:50% !important;margin-top : 0px;margin-bottom : 0px;}.fusion-builder-column-3 > .fusion-column-wrapper {padding-top : 0px !important;padding-right : 0px !important;margin-right : 0px;padding-bottom : 0px !important;padding-left : 0px !important;margin-left : 0px;}@media only screen and (max-width:1024px) {.fusion-body .fusion-builder-column-3{width:100% !important;}.fusion-builder-column-3 > .fusion-column-wrapper {margin-right : 0px;margin-left : 0px;}}@media only screen and (max-width:640px) {.fusion-body .fusion-builder-column-3{width:100% !important;}.fusion-builder-column-3 > .fusion-column-wrapper {margin-right : 0px;margin-left : 0px;}}<\/style><\/div><div class=\"fusion-layout-column fusion_builder_column fusion-builder-column-4 fusion_builder_column_1_2 1_2 fusion-flex-column\"><div class=\"fusion-column-wrapper fusion-flex-justify-content-center fusion-content-layout-column\" style=\"background-position:left top;background-repeat:no-repeat;-webkit-background-size:cover;-moz-background-size:cover;-o-background-size:cover;background-size:cover;padding: 15px 15px 15px 15px;\"><div class=\"fusion-text fusion-text-4\"><h1 style=\"text-align: left;\">Pour les Commer\u00e7ants<\/h1>\n<div id=\"ConnectiveDocSignExtentionInstalled\" data-extension-version=\"1.0.4\">\u00a0<\/div>\n<\/div><div class=\"fusion-separator fusion-full-width-sep\" style=\"align-self: center;margin-left: auto;margin-right: auto;margin-top:8px;width:100%;\"><\/div><div class=\"fusion-text fusion-text-5\"><p>En tant que commer\u00e7ant, \u00eates-vous \u00e9galement la pression que subissent les clients car leur temps de stationnement est presque \u00e9coul\u00e9 ? Voulez-vous qu&#8217;ils continuent leurs achats plus longtemps ? Qui peut! Avec les bons de stationnement Gift2Give ! Votre client a effectu\u00e9 un achat ? R\u00e9compensez-les ensuite avec du temps de stationnement gratuit suppl\u00e9mentaire. Enregistrez votre magasin et lancez-vous avec les titres de stationnement physiques ou num\u00e9riques!<\/p>\n<p class=\"p1\"><span class=\"s1\">\u00a0<\/span><\/p>\n<div id=\"ConnectiveDocSignExtentionInstalled\" data-extension-version=\"1.0.4\">\u00a0<\/div>\n<\/div><div style=\"text-align:left;\"><style>.fusion-body .fusion-button.button-1{border-radius:2px 2px 2px 2px;}<\/style><a class=\"fusion-button button-flat fusion-button-default-size button-default button-1 fusion-button-default-span fusion-button-default-type\" target=\"_self\" href=\"\/fr\/contact\"><span class=\"fusion-button-text\">ENREGISTRER<\/span><\/a><\/div><\/div><style type=\"text\/css\">.fusion-body .fusion-builder-column-4{width:50% !important;margin-top : 15px;margin-bottom : 40px;}.fusion-builder-column-4 > .fusion-column-wrapper {padding-top : 15px !important;padding-right : 15px !important;margin-right : 0px;padding-bottom : 15px !important;padding-left : 15px !important;margin-left : 0px;}@media only screen and (max-width:1024px) {.fusion-body .fusion-builder-column-4{width:100% !important;}.fusion-builder-column-4 > .fusion-column-wrapper {margin-right : 0px;margin-left : 0px;}}@media only screen and (max-width:640px) {.fusion-body .fusion-builder-column-4{width:100% !important;}.fusion-builder-column-4 > .fusion-column-wrapper {margin-right : 0px;margin-left : 0px;}}<\/style><\/div><\/div><style type=\"text\/css\">.fusion-body .fusion-flex-container.fusion-builder-row-3{ padding-top : 0px;margin-top : 0px;padding-right : 0px;padding-bottom : 3%;margin-bottom : 0px;padding-left : 0px;}<\/style><\/div><div class=\"fusion-fullwidth fullwidth-box fusion-builder-row-4 fusion-flex-container fusion-parallax-none nonhundred-percent-fullwidth non-hundred-percent-height-scrolling\" style=\"background-color: #f4f6f8;background-image: url(&quot;https:\/\/www.gift2give.be\/wp-content\/uploads\/2015\/10\/light_gradient_bg.jpg&quot;);background-position: center center;background-repeat: no-repeat;border-width: 0px 0px 0px 0px;border-color:#eae9e9;border-style:solid;-webkit-background-size:cover;-moz-background-size:cover;-o-background-size:cover;background-size:cover;\" ><div class=\"fusion-builder-row fusion-row fusion-flex-align-items-flex-start\" style=\"max-width:1216.8px;margin-left: calc(-4% \/ 2 );margin-right: calc(-4% \/ 2 );\"><div class=\"fusion-layout-column fusion_builder_column fusion-builder-column-5 fusion_builder_column_1_5 1_5 fusion-flex-column fusion-no-small-visibility\"><div class=\"fusion-column-wrapper fusion-flex-justify-content-flex-start fusion-content-layout-column\" style=\"background-position:left top;background-repeat:no-repeat;-webkit-background-size:cover;-moz-background-size:cover;-o-background-size:cover;background-size:cover;padding: 0px 0px 0px 0px;\"><\/div><style type=\"text\/css\">.fusion-body .fusion-builder-column-5{width:20% !important;margin-top : 15px;margin-bottom : 15px;}.fusion-builder-column-5 > .fusion-column-wrapper {padding-top : 0px !important;padding-right : 0px !important;margin-right : 9.6%;padding-bottom : 0px !important;padding-left : 0px !important;margin-left : 9.6%;}@media only screen and (max-width:1024px) {.fusion-body .fusion-builder-column-5{width:100% !important;}.fusion-builder-column-5 > .fusion-column-wrapper {margin-right : 1.92%;margin-left : 1.92%;}}@media only screen and (max-width:640px) {.fusion-body .fusion-builder-column-5{width:100% !important;}.fusion-builder-column-5 > .fusion-column-wrapper {margin-right : 1.92%;margin-left : 1.92%;}}<\/style><\/div><div class=\"fusion-layout-column fusion_builder_column fusion-builder-column-6 fusion_builder_column_3_5 3_5 fusion-flex-column\"><div class=\"fusion-column-wrapper fusion-flex-justify-content-flex-start fusion-content-layout-column\" style=\"background-position:left top;background-repeat:no-repeat;-webkit-background-size:cover;-moz-background-size:cover;-o-background-size:cover;background-size:cover;padding: 0px 0px 0px 0px;\"><div class=\"fusion-text fusion-text-6\"><h1 class=\"p1\"><span class=\"s1\">Pour le client<br \/>\n<\/span><\/h1>\n<div id=\"ConnectiveDocSignExtentionInstalled\" data-extension-version=\"1.0.4\"><\/div>\n<\/div><div class=\"fusion-text fusion-text-7\"><p>Avec Gift2Give et les outils njoy.shopping, vous pouvez d\u00e9sormais faire vos achats en toute tranquillit\u00e9 et \u00e9conomiser sur vos frais de stationnement. Achet\u00e9 chez un commer\u00e7ant local ? Temps de stationnement suppl\u00e9mentaire gratuit pour Katsjing!<\/p>\n<p class=\"p1\"><span class=\"s1\">\u00a0<\/span><\/p>\n<div id=\"ConnectiveDocSignExtentionInstalled\" data-extension-version=\"1.0.4\"><\/div>\n<\/div><div style=\"text-align:left;\"><style>.fusion-body .fusion-button.button-2{border-radius:2px 2px 2px 2px;}<\/style><a class=\"fusion-button button-flat fusion-button-default-size button-default button-2 fusion-button-default-span fusion-button-default-type\" target=\"_self\" href=\"\/fr\/contact\"><span class=\"fusion-button-text\">OU JE SUIS RECOMPENS\u00c9 AVEC LE BON PARKING?<\/span><\/a><\/div><\/div><style type=\"text\/css\">.fusion-body .fusion-builder-column-6{width:60% !important;margin-top : 65px;margin-bottom : 15px;}.fusion-builder-column-6 > .fusion-column-wrapper {padding-top : 0px !important;padding-right : 0px !important;margin-right : 3.2%;padding-bottom : 0px !important;padding-left : 0px !important;margin-left : 3.2%;}@media only screen and (max-width:1024px) {.fusion-body .fusion-builder-column-6{width:100% !important;}.fusion-builder-column-6 > .fusion-column-wrapper {margin-right : 1.92%;margin-left : 1.92%;}}@media only screen and (max-width:640px) {.fusion-body .fusion-builder-column-6{width:100% !important;}.fusion-builder-column-6 > .fusion-column-wrapper {margin-right : 1.92%;margin-left : 1.92%;}}<\/style><\/div><div class=\"fusion-layout-column fusion_builder_column fusion-builder-column-7 fusion_builder_column_1_5 1_5 fusion-flex-column fusion-no-small-visibility\"><div class=\"fusion-column-wrapper fusion-flex-justify-content-flex-start fusion-content-layout-column\" style=\"background-position:left top;background-repeat:no-repeat;-webkit-background-size:cover;-moz-background-size:cover;-o-background-size:cover;background-size:cover;padding: 0px 0px 0px 0px;\"><\/div><style type=\"text\/css\">.fusion-body .fusion-builder-column-7{width:20% !important;margin-top : 15px;margin-bottom : 15px;}.fusion-builder-column-7 > .fusion-column-wrapper {padding-top : 0px !important;padding-right : 0px !important;margin-right : 9.6%;padding-bottom : 0px !important;padding-left : 0px !important;margin-left : 9.6%;}@media only screen and (max-width:1024px) {.fusion-body .fusion-builder-column-7{width:100% !important;}.fusion-builder-column-7 > .fusion-column-wrapper {margin-right : 1.92%;margin-left : 1.92%;}}@media only screen and (max-width:640px) {.fusion-body .fusion-builder-column-7{width:100% !important;}.fusion-builder-column-7 > .fusion-column-wrapper {margin-right : 1.92%;margin-left : 1.92%;}}<\/style><\/div><div class=\"fusion-layout-column fusion_builder_column fusion-builder-column-8 fusion_builder_column_1_1 1_1 fusion-flex-column fusion-flex-align-self-flex-start fusion-column-no-min-height\"><div class=\"fusion-column-wrapper fusion-flex-justify-content-flex-start fusion-content-layout-column\" style=\"background-position:left top;background-repeat:no-repeat;-webkit-background-size:cover;-moz-background-size:cover;-o-background-size:cover;background-size:cover;padding: 0px 0px 0px 0px;\"><\/div><style type=\"text\/css\">.fusion-body .fusion-builder-column-8{width:100% !important;margin-top : 0px;margin-bottom : 0px;}.fusion-builder-column-8 > .fusion-column-wrapper {padding-top : 0px !important;padding-right : 0px !important;margin-right : 1.92%;padding-bottom : 0px !important;padding-left : 0px !important;margin-left : 1.92%;}@media only screen and (max-width:1024px) {.fusion-body .fusion-builder-column-8{width:100% !important;}.fusion-builder-column-8 > .fusion-column-wrapper {margin-right : 1.92%;margin-left : 1.92%;}}@media only screen and (max-width:640px) {.fusion-body .fusion-builder-column-8{width:100% !important;}.fusion-builder-column-8 > .fusion-column-wrapper {margin-right : 1.92%;margin-left : 1.92%;}}<\/style><\/div><\/div><style type=\"text\/css\">.fusion-body .fusion-flex-container.fusion-builder-row-4{ padding-top : 1.5%;margin-top : 0px;padding-right : 0px;padding-bottom : 2.5%;margin-bottom : 0px;padding-left : 0px;}<\/style><\/div><\/p>\n","protected":false},"excerpt":{"rendered":"","protected":false},"author":1,"featured_media":0,"parent":0,"menu_order":0,"comment_status":"closed","ping_status":"closed","template":"100-width.php","meta":{"_mi_skip_tracking":false},"yoast_head":"<!-- This site is optimized with the Yoast SEO plugin v19.4 - https:\/\/yoast.com\/wordpress\/plugins\/seo\/ -->\n<title>Bon de Mobilit\u00e9 - Gift2Give<\/title>\n<meta name=\"robots\" content=\"index, follow, max-snippet:-1, max-image-preview:large, max-video-preview:-1\" \/>\n<link rel=\"canonical\" href=\"https:\/\/www.gift2give.be\/fr\/bon-de-mobilite\/\" \/>\n<meta property=\"og:locale\" content=\"en_US\" \/>\n<meta property=\"og:type\" content=\"article\" \/>\n<meta property=\"og:title\" content=\"Bon de Mobilit\u00e9 - Gift2Give\" \/>\n<meta property=\"og:url\" content=\"https:\/\/www.gift2give.be\/fr\/bon-de-mobilite\/\" \/>\n<meta property=\"og:site_name\" content=\"Gift2Give\" \/>\n<meta property=\"article:modified_time\" content=\"2021-08-30T13:17:41+00:00\" \/>\n<meta name=\"twitter:card\" content=\"summary_large_image\" \/>\n<meta name=\"twitter:label1\" content=\"Est. reading time\" \/>\n\t<meta name=\"twitter:data1\" content=\"9 minutes\" \/>\n<script type=\"application\/ld+json\" class=\"yoast-schema-graph\">{\"@context\":\"https:\/\/schema.org\",\"@graph\":[{\"@type\":\"WebSite\",\"@id\":\"https:\/\/www.gift2give.be\/fr\/#website\",\"url\":\"https:\/\/www.gift2give.be\/fr\/\",\"name\":\"Gift2Give\",\"description\":\"Dynamise L&#039;\u00e9conomie Locale\",\"potentialAction\":[{\"@type\":\"SearchAction\",\"target\":{\"@type\":\"EntryPoint\",\"urlTemplate\":\"https:\/\/www.gift2give.be\/fr\/?s={search_term_string}\"},\"query-input\":\"required name=search_term_string\"}],\"inLanguage\":\"en-US\"},{\"@type\":\"WebPage\",\"@id\":\"https:\/\/www.gift2give.be\/fr\/bon-de-mobilite\/\",\"url\":\"https:\/\/www.gift2give.be\/fr\/bon-de-mobilite\/\",\"name\":\"Bon de Mobilit\u00e9 - Gift2Give\",\"isPartOf\":{\"@id\":\"https:\/\/www.gift2give.be\/fr\/#website\"},\"datePublished\":\"2019-05-03T07:17:09+00:00\",\"dateModified\":\"2021-08-30T13:17:41+00:00\",\"breadcrumb\":{\"@id\":\"https:\/\/www.gift2give.be\/fr\/bon-de-mobilite\/#breadcrumb\"},\"inLanguage\":\"en-US\",\"potentialAction\":[{\"@type\":\"ReadAction\",\"target\":[\"https:\/\/www.gift2give.be\/fr\/bon-de-mobilite\/\"]}]},{\"@type\":\"BreadcrumbList\",\"@id\":\"https:\/\/www.gift2give.be\/fr\/bon-de-mobilite\/#breadcrumb\",\"itemListElement\":[{\"@type\":\"ListItem\",\"position\":1,\"name\":\"Home\",\"item\":\"https:\/\/www.gift2give.be\/fr\/\"},{\"@type\":\"ListItem\",\"position\":2,\"name\":\"Bon de Mobilit\u00e9\"}]}]}<\/script>\n<!-- \/ Yoast SEO plugin. -->","yoast_head_json":{"title":"Bon de Mobilit\u00e9 - Gift2Give","robots":{"index":"index","follow":"follow","max-snippet":"max-snippet:-1","max-image-preview":"max-image-preview:large","max-video-preview":"max-video-preview:-1"},"canonical":"https:\/\/www.gift2give.be\/fr\/bon-de-mobilite\/","og_locale":"en_US","og_type":"article","og_title":"Bon de Mobilit\u00e9 - Gift2Give","og_url":"https:\/\/www.gift2give.be\/fr\/bon-de-mobilite\/","og_site_name":"Gift2Give","article_modified_time":"2021-08-30T13:17:41+00:00","twitter_card":"summary_large_image","twitter_misc":{"Est. reading time":"9 minutes"},"schema":{"@context":"https:\/\/schema.org","@graph":[{"@type":"WebSite","@id":"https:\/\/www.gift2give.be\/fr\/#website","url":"https:\/\/www.gift2give.be\/fr\/","name":"Gift2Give","description":"Dynamise L&#039;\u00e9conomie Locale","potentialAction":[{"@type":"SearchAction","target":{"@type":"EntryPoint","urlTemplate":"https:\/\/www.gift2give.be\/fr\/?s={search_term_string}"},"query-input":"required name=search_term_string"}],"inLanguage":"en-US"},{"@type":"WebPage","@id":"https:\/\/www.gift2give.be\/fr\/bon-de-mobilite\/","url":"https:\/\/www.gift2give.be\/fr\/bon-de-mobilite\/","name":"Bon de Mobilit\u00e9 - Gift2Give","isPartOf":{"@id":"https:\/\/www.gift2give.be\/fr\/#website"},"datePublished":"2019-05-03T07:17:09+00:00","dateModified":"2021-08-30T13:17:41+00:00","breadcrumb":{"@id":"https:\/\/www.gift2give.be\/fr\/bon-de-mobilite\/#breadcrumb"},"inLanguage":"en-US","potentialAction":[{"@type":"ReadAction","target":["https:\/\/www.gift2give.be\/fr\/bon-de-mobilite\/"]}]},{"@type":"BreadcrumbList","@id":"https:\/\/www.gift2give.be\/fr\/bon-de-mobilite\/#breadcrumb","itemListElement":[{"@type":"ListItem","position":1,"name":"Home","item":"https:\/\/www.gift2give.be\/fr\/"},{"@type":"ListItem","position":2,"name":"Bon de Mobilit\u00e9"}]}]}},"_links":{"self":[{"href":"https:\/\/www.gift2give.be\/fr\/wp-json\/wp\/v2\/pages\/1133"}],"collection":[{"href":"https:\/\/www.gift2give.be\/fr\/wp-json\/wp\/v2\/pages"}],"about":[{"href":"https:\/\/www.gift2give.be\/fr\/wp-json\/wp\/v2\/types\/page"}],"author":[{"embeddable":true,"href":"https:\/\/www.gift2give.be\/fr\/wp-json\/wp\/v2\/users\/1"}],"replies":[{"embeddable":true,"href":"https:\/\/www.gift2give.be\/fr\/wp-json\/wp\/v2\/comments?post=1133"}],"version-history":[{"count":35,"href":"https:\/\/www.gift2give.be\/fr\/wp-json\/wp\/v2\/pages\/1133\/revisions"}],"predecessor-version":[{"id":2413,"href":"https:\/\/www.gift2give.be\/fr\/wp-json\/wp\/v2\/pages\/1133\/revisions\/2413"}],"wp:attachment":[{"href":"https:\/\/www.gift2give.be\/fr\/wp-json\/wp\/v2\/media?parent=1133"}],"curies":[{"name":"wp","href":"https:\/\/api.w.org\/{rel}","templated":true}]}}